{"id":8803,"date":"2023-10-23T14:27:37","date_gmt":"2023-10-23T11:27:37","guid":{"rendered":"https:\/\/profinder.fi\/?page_id=8803"},"modified":"2024-03-07T10:08:16","modified_gmt":"2024-03-07T08:08:16","slug":"what-is-nakopiiri-service","status":"publish","type":"page","link":"https:\/\/profinder.fi\/en\/products\/what-is-nakopiiri-service\/","title":{"rendered":"What is the N\u00e4k\u00f6piiri service?"},"content":{"rendered":"\n<h2 class=\"wp-block-heading\"><strong>Profinder\u2019s the N\u00e4k\u00f6piiri service \u2013 Find the best business opportunities on the map<\/strong><\/h2>\n\n\n\n<p><strong>It\u2019s great that you want to find new business opportunities and customers. You\u2019re in the right place.<\/strong><\/p>\n\n\n\n<p>They say that knowledge is power. Knowledge also brings wisdom and efficiency to corporate activities. Correct and essential data helps you to better understand your business, areas for development, your operating environment, and your company\u2019s existing and potential customers.<\/p>\n\n\n\n<p>In this way, you can make better decisions and plans, and boost your company\u2019s operations all round.<\/p>\n\n\n\n<p>We at Profinder are masters of customer data. We can provide you with up-to-date and in-depth information about your existing and future customers, whether they are companies, decision-makers, or consumers. You can also directly integrate data into your own CRM system using Profinder\u2019s interface, profile and segment contacts into target groups, and thereby boost all of your business activities.<\/p>\n\n\n\n<p>N\u00e4k\u00f6piiri is our new service that can help you to visualise your company\u2019s business opportunities on a map. In it, we combine the regional data from our target group services with population data, other public statistics, and your company\u2019s own data material. We turn the data we have collected into an easy-to-understand visual format on a map.<\/p>\n\n\n\n<div class=\"dg-spacer  tiny\" style=\"height: 20px !important;\"><\/div>\n\n\n\n\n<div class=\"wp-block-columns alignwide are-vertically-aligned-center is-layout-flex wp-container-core-columns-is-layout-9d6595d7 wp-block-columns-is-layout-flex\">\n<div class=\"wp-block-column is-vertically-aligned-center is-layout-flow wp-block-column-is-layout-flow\">\n<figure class=\"wp-block-image size-large\"><img loading=\"lazy\" decoding=\"async\" width=\"1022\" height=\"766\" src=\"https:\/\/profinder.fi\/wp-content\/uploads\/2023\/09\/nakopiiri-kayttoliittyma-1022x766.png\" alt=\"\" class=\"wp-image-7713\" srcset=\"https:\/\/profinder.fi\/wp-content\/uploads\/2023\/09\/nakopiiri-kayttoliittyma-1022x766.png 1022w, https:\/\/profinder.fi\/wp-content\/uploads\/2023\/09\/nakopiiri-kayttoliittyma-300x225.png 300w, https:\/\/profinder.fi\/wp-content\/uploads\/2023\/09\/nakopiiri-kayttoliittyma-768x576.png 768w, https:\/\/profinder.fi\/wp-content\/uploads\/2023\/09\/nakopiiri-kayttoliittyma-1536x1151.png 1536w, https:\/\/profinder.fi\/wp-content\/uploads\/2023\/09\/nakopiiri-kayttoliittyma-2048x1535.png 2048w, https:\/\/profinder.fi\/wp-content\/uploads\/2023\/09\/nakopiiri-kayttoliittyma-640x480.png 640w, https:\/\/profinder.fi\/wp-content\/uploads\/2023\/09\/nakopiiri-kayttoliittyma-1917x1437.png 1917w, https:\/\/profinder.fi\/wp-content\/uploads\/2023\/09\/nakopiiri-kayttoliittyma-800x600.png 800w\" sizes=\"auto, (max-width: 1022px) 100vw, 1022px\" \/><\/figure>\n<\/div>\n\n\n\n<div class=\"wp-block-column is-vertically-aligned-center is-layout-flow wp-block-column-is-layout-flow\">\n<h2 class=\"wp-block-heading\">Profinder\u2019s N\u00e4k\u00f6piiri in a nutshell<\/h2>\n\n\n\n<p class=\"is-style-lead\">Profinder\u2019s N\u00e4k\u00f6piiri is a visualisation tool based on regional and geographical data.<\/p>\n\n\n\n<p>It is excellent for companies who have multiple branches across Finland or for whom an area\u2019s demographic structure, competitors and services are important criteria for evaluating new business opportunities.<\/p>\n<\/div>\n<\/div>\n\n\n\n<p>It is possible to enter any data linked to geographical areas or location coordinates into N\u00e4k\u00f6piiri. The data can originate from Profinder\u2019s extensive target group services, from open sources of data such as <a href=\"https:\/\/www.stat.fi\/\" target=\"_blank\" rel=\"noreferrer noopener\">Statistics Finland\u2019s<\/a> statistics, or from the customer\u2019s own research, sources of data, or business activities.<\/p>\n\n\n\n<p>N\u00e4k\u00f6piiri can display data in two different ways, as points or as a heat map. Heat maps are based on regional data, such as statistics. Points meanwhile are based on material that contains data by points and each point has a coordinate.<\/p>\n\n\n\n<p>N\u00e4k\u00f6piiri turns data into a secret weapon for the company, which it can use to make correct and informed decisions about developing and growing its business activities.<\/p>\n\n\n\n<h2 class=\"wp-block-heading\"><strong>The benefits of N\u00e4k\u00f6piiri for companies<\/strong><\/h2>\n\n\n\n<p>1. N\u00e4k\u00f6piiri helps companies operating in limited areas to find business opportunities, niches in the market, and target groups in new areas.<\/p>\n\n\n\n<p>2. A company that operates nationwide can use N\u00e4k\u00f6piiri to compare the market potential of its business in each area and notice where the best and worst opportunities for the company\u2019s growth are.<\/p>\n\n\n\n<p>3. N\u00e4k\u00f6piiri helps chains and companies with multiple branches to make better decisions about the location of new branches, regional products and services, marketing, and other regional matters.<\/p>\n\n\n\n<p>4. N\u00e4k\u00f6piiri is completely customisable to meet each company\u2019s needs. Data that is significant to an individual company can be added to N\u00e4k\u00f6piiri.<\/p>\n\n\n\n<p>5. N\u00e4k\u00f6piiri helps to make extensive and diverse data interesting, understandable, and shareable within the company.<\/p>\n\n\n\n<p>6. N\u00e4k\u00f6piiri can make the availability of important market data more democratic within a company. When you use N\u00e4k\u00f6piiri, there is no limit on the number of users.<\/p>\n\n\n\n<div class=\"dg-spacer  tiny\" style=\"\"><\/div>\n\n\n\n\n<h2 class=\"wp-block-heading has-text-align-center\">Are you interested? <a href=\"https:\/\/profinder.fi\/en\/contact-us\/\" data-type=\"page\" data-id=\"7746\">Book<\/a> a consultation with one of our experts!<\/h2>\n\n\n    <div class=\"dg-buttons-wrapper \">\n        \t\n\t\n\t<span class=\"dg-buttons d-flex flex-wrap justify-content-center \">\n\t\t\t\t\t<span class=\"btn-wrapper text-left\">\n\t\t<a href=\"\/en\/contact-us\" \n\t\t\tclass=\"btn btn-primary\"\n\t\t\t\t\t\ttarget=\"_self\">\n\n\t\t\tContact us\t\t<\/a>\n\t<\/span>\n\t\t\t\t<\/span><!-- \/.dg-buttons -->\n\n\t    <\/div>\n","protected":false},"excerpt":{"rendered":"<p>Profinder\u2019s the N\u00e4k\u00f6piiri service \u2013 Find the best business opportunities on the map It\u2019s great that you want to find new business opportunities&#8230;<\/p>\n","protected":false},"author":2,"featured_media":0,"parent":7755,"menu_order":0,"comment_status":"closed","ping_status":"closed","template":"","meta":{"footnotes":""},"class_list":["post-8803","page","type-page","status-publish","hentry"],"meta_box":{"digitaali_top_hero_hide":"0","digitaali_top_hero_text_hide":"0","digitaali_top_overlay_caption":"","digitaali_top_overlay_content":"","digitaali_top_overlay_additional_content":"","dg_remove_main_content_top_padding":"0","dg_remove_main_content_bottom_padding":"0","dg_remove_breadcrumbs":"0"},"_links":{"self":[{"href":"https:\/\/profinder.fi\/en\/wp-json\/wp\/v2\/pages\/8803","targetHints":{"allow":["GET"]}}],"collection":[{"href":"https:\/\/profinder.fi\/en\/wp-json\/wp\/v2\/pages"}],"about":[{"href":"https:\/\/profinder.fi\/en\/wp-json\/wp\/v2\/types\/page"}],"author":[{"embeddable":true,"href":"https:\/\/profinder.fi\/en\/wp-json\/wp\/v2\/users\/2"}],"replies":[{"embeddable":true,"href":"https:\/\/profinder.fi\/en\/wp-json\/wp\/v2\/comments?post=8803"}],"version-history":[{"count":6,"href":"https:\/\/profinder.fi\/en\/wp-json\/wp\/v2\/pages\/8803\/revisions"}],"predecessor-version":[{"id":9363,"href":"https:\/\/profinder.fi\/en\/wp-json\/wp\/v2\/pages\/8803\/revisions\/9363"}],"up":[{"embeddable":true,"href":"https:\/\/profinder.fi\/en\/wp-json\/wp\/v2\/pages\/7755"}],"wp:attachment":[{"href":"https:\/\/profinder.fi\/en\/wp-json\/wp\/v2\/media?parent=8803"}],"curies":[{"name":"wp","href":"https:\/\/api.w.org\/{rel}","templated":true}]}}