{"id":7746,"date":"2023-06-28T11:39:50","date_gmt":"2023-06-28T08:39:50","guid":{"rendered":"https:\/\/profinder.fi\/?page_id=7746"},"modified":"2025-05-26T09:05:37","modified_gmt":"2025-05-26T06:05:37","slug":"contact-us","status":"publish","type":"page","link":"https:\/\/profinder.fi\/en\/contact-us\/","title":{"rendered":"Contact us"},"content":{"rendered":"\n<div class=\"wp-block-cover alignfull is-light\"><span aria-hidden=\"true\" class=\"wp-block-cover__background has-white-background-color has-background-dim-0 has-background-dim\"><\/span><div class=\"wp-block-cover__inner-container is-layout-constrained wp-block-cover-is-layout-constrained\">\n<h1 class=\"wp-block-heading has-text-align-center has-x-large-font-size\">Contact us<\/h1>\n\n\n\n<p class=\"has-text-align-center is-style-default\">Let\u2019s find the best solution for your company together.<\/p>\n<\/div><\/div>\n\n\n<div class=\"dg-forms-wrapper section-Y-paddings dg-bordered-area alignwide\" id=\"yhteydenottolomake\">\n    \n    <div class=\"dg-bg-gradient pt-4\">\n\n                    <h2 class=\"text-center\">How can we help?<\/h2>\n        \n        <ul class=\"dg-submenu-list mb-5\">\n            <li><a href=\"#\" class=\"btn btn-secondary btn-tiny active\" data-form-select=\"1\">Sales<\/a><\/li>\n            <li><a href=\"#\" class=\"btn btn-secondary btn-tiny\" data-form-select=\"2\">Support<\/a><\/li>\n        <\/ul>\n\n        <div class=\"dg-forms-section\">\n\n            <div class=\"dg-single-form-wrapper\" id=\"dg-form-1-wrapper\">\n            <div class=\"pipedriveWebForms\" data-pd-webforms=\"https:\/\/webforms.pipedrive.com\/f\/1tepXTfbM5qqIrKtBg8F5SUhTahdSjyI63OVNxOjKiUsOzuOOUll5OKTUmuXVhtbJ\"><script src=\"https:\/\/webforms.pipedrive.com\/f\/loader\"><\/script><\/div>            <\/div>\n\n            <div class=\"dg-single-form-wrapper\" id=\"dg-form-2-wrapper\" style=\"display: none\">\n            <div class=\"pipedriveWebForms\" data-pd-webforms=\"https:\/\/webforms.pipedrive.com\/f\/1Cu4BEeCXtYNKFk3UnAjSpBXQ7ixJblH4fdKMxgoDMKToPwQf6JM2OnWVETO5QYdJ\"><script src=\"https:\/\/webforms.pipedrive.com\/f\/loader\"><\/script><\/div>            <\/div>\n\n        <\/div><!-- \/.thin-content -->\n\n    <\/div><!-- \/.dg-bg-gradient -->\n\n<\/div><!-- \/.dg-forms-wrapper -->\n\n<script>\n   \n    jQuery('.btn[data-form-select]').click(function(e){\n        e.preventDefault();\n        \n        jQuery('.btn[data-form-select]').removeClass('active');\n        jQuery(this).addClass('active');\n\n        jQuery('.dg-single-form-wrapper').hide();\n        jQuery('#dg-form-' + jQuery(this).attr('data-form-select') + '-wrapper').show();\n\n        console.log('#dg-form-' + jQuery(this).attr('data-form-select') + '-wrapper');\n        \n    });\n<\/script>\n\n\n<div class=\"gb-container gb-container-74062e76\">\n<div class=\"gb-grid-wrapper gb-grid-wrapper-870abdfc\">\n<div class=\"gb-grid-column gb-grid-column-2b6e11e0\"><div class=\"gb-container gb-container-2b6e11e0\">\n\n<figure class=\"wp-block-image size-full\"><img decoding=\"async\" src=\"https:\/\/profinder.fi\/wp-content\/uploads\/2023\/08\/rocket.svg\" alt=\"\" class=\"wp-image-188\"\/><\/figure>\n\n\n\n<div class=\"dg-spacer  tiny\" style=\"height: 20px !important;\"><\/div>\n\n\n\n\n<h4 class=\"wp-block-heading mb-3\">Sales<\/h4>\n\n\n\n<p><a href=\"tel:+358505535385\">+358 50 553 5385<\/a><br><span class=\"maddr\" role=\"link\" aria-label=\"L\u00e4het\u00e4 s\u00e4hk\u00f6postia myyntiprofinder.fi\">myynti<span class=\"at\">profinder.fi<\/span><\/span><\/p>\n\n<\/div><\/div>\n\n<div class=\"gb-grid-column gb-grid-column-6d1d57fa\"><div class=\"gb-container gb-container-6d1d57fa\">\n\n<figure class=\"wp-block-image size-full\"><img decoding=\"async\" src=\"https:\/\/profinder.fi\/wp-content\/uploads\/2023\/08\/headphones.svg\" alt=\"\" class=\"wp-image-205\"\/><\/figure>\n\n\n\n<div class=\"dg-spacer  tiny\" style=\"height: 20px !important;\"><\/div>\n\n\n\n\n<h4 class=\"wp-block-heading mb-3\">Customer services<\/h4>\n\n\n\n<p><a href=\"tel:+358504677771\">+358 50 467 7771<\/a><br><span class=\"maddr\" role=\"link\" aria-label=\"L\u00e4het\u00e4 s\u00e4hk\u00f6postia tukiprofinder.fi\">tuki<span class=\"at\">profinder.fi<\/span><\/span><\/p>\n\n<\/div><\/div>\n\n<div class=\"gb-grid-column gb-grid-column-31a4fed7\"><div class=\"gb-container gb-container-31a4fed7\">\n\n<figure class=\"wp-block-image size-full\"><img decoding=\"async\" src=\"https:\/\/profinder.fi\/wp-content\/uploads\/2023\/08\/headphones.svg\" alt=\"\" class=\"wp-image-205\"\/><\/figure>\n\n\n\n<div class=\"dg-spacer  tiny\" style=\"height: 20px !important;\"><\/div>\n\n\n\n\n<h4 class=\"wp-block-heading mb-3\">Invoicing<\/h4>\n\n\n\n<p><span class=\"maddr\" role=\"link\" aria-label=\"L\u00e4het\u00e4 s\u00e4hk\u00f6postia laskutusprofinder.fi\">laskutus<span class=\"at\">profinder.fi<\/span><\/span><br>Porkkalankatu 22 A <br>00180 HELSINKI<br>Y-tunnus 2828385-8<\/p>\n\n<\/div><\/div>\n<\/div>\n<\/div>","protected":false},"excerpt":{"rendered":"","protected":false},"author":2,"featured_media":0,"parent":0,"menu_order":0,"comment_status":"closed","ping_status":"closed","template":"","meta":{"footnotes":""},"class_list":["post-7746","page","type-page","status-publish","hentry"],"meta_box":{"digitaali_top_hero_hide":"1","digitaali_top_hero_text_hide":"0","digitaali_top_overlay_caption":"","digitaali_top_overlay_content":"","digitaali_top_overlay_additional_content":"","dg_remove_main_content_top_padding":"0","dg_remove_main_content_bottom_padding":"0","dg_remove_breadcrumbs":"0"},"_links":{"self":[{"href":"https:\/\/profinder.fi\/en\/wp-json\/wp\/v2\/pages\/7746","targetHints":{"allow":["GET"]}}],"collection":[{"href":"https:\/\/profinder.fi\/en\/wp-json\/wp\/v2\/pages"}],"about":[{"href":"https:\/\/profinder.fi\/en\/wp-json\/wp\/v2\/types\/page"}],"author":[{"embeddable":true,"href":"https:\/\/profinder.fi\/en\/wp-json\/wp\/v2\/users\/2"}],"replies":[{"embeddable":true,"href":"https:\/\/profinder.fi\/en\/wp-json\/wp\/v2\/comments?post=7746"}],"version-history":[{"count":5,"href":"https:\/\/profinder.fi\/en\/wp-json\/wp\/v2\/pages\/7746\/revisions"}],"predecessor-version":[{"id":9338,"href":"https:\/\/profinder.fi\/en\/wp-json\/wp\/v2\/pages\/7746\/revisions\/9338"}],"wp:attachment":[{"href":"https:\/\/profinder.fi\/en\/wp-json\/wp\/v2\/media?parent=7746"}],"curies":[{"name":"wp","href":"https:\/\/api.w.org\/{rel}","templated":true}]}}