{"id":7741,"date":"2023-06-26T12:37:42","date_gmt":"2023-06-26T09:37:42","guid":{"rendered":"https:\/\/profinder.fi\/?page_id=7741"},"modified":"2024-11-11T11:28:56","modified_gmt":"2024-11-11T09:28:56","slug":"front-page","status":"publish","type":"page","link":"https:\/\/profinder.fi\/en\/","title":{"rendered":"Front page"},"content":{"rendered":"\n<div class=\"wp-block-cover alignfull is-light\"><span aria-hidden=\"true\" class=\"wp-block-cover__background has-white-background-color has-background-dim-0 has-background-dim\"><\/span><div class=\"wp-block-cover__inner-container is-layout-constrained wp-block-cover-is-layout-constrained\">\n<h1 class=\"wp-block-heading has-text-align-center has-x-large-font-size\">Finland\u2019s Best Data<\/h1>\n\n\n\n<p class=\"has-text-align-center is-style-default\">We can help you with better contacts, customer analyses, and boosting sales and marketing.<\/p>\n\n\n\n<\/div><\/div>\n\n\n<div class=\"gb-container gb-container-4f950c74 dg-lg-rounded dg-front-top alignwide\">\n\n<figure class=\"gb-block-image gb-block-image-4c0ee960\"><a href=\"https:\/\/b2b.profinder.fi\/\" target=\"_blank\" rel=\"noopener noreferrer\"><img loading=\"lazy\" decoding=\"async\" width=\"942\" height=\"426\" class=\"gb-image gb-image-4c0ee960 dg-front-image\" src=\"https:\/\/profinder.fi\/wp-content\/uploads\/2023\/08\/Esimerkki-ui-1.png\" alt=\"\" title=\"Esimerkki-ui-1\" srcset=\"https:\/\/profinder.fi\/wp-content\/uploads\/2023\/08\/Esimerkki-ui-1.png 942w, https:\/\/profinder.fi\/wp-content\/uploads\/2023\/08\/Esimerkki-ui-1-300x136.png 300w, https:\/\/profinder.fi\/wp-content\/uploads\/2023\/08\/Esimerkki-ui-1-768x347.png 768w\" sizes=\"auto, (max-width: 942px) 100vw, 942px\" \/><\/a><\/figure>\n\n\n\n<h2 class=\"wp-block-heading has-text-align-center\">Find the best leads<\/h2>\n\n\n\n<div class=\"wp-block-buttons is-content-justification-center is-layout-flex wp-container-core-buttons-is-layout-16018d1d wp-block-buttons-is-layout-flex\">\n<div class=\"wp-block-button\"><a class=\"wp-block-button__link wp-element-button\" href=\"https:\/\/b2b.profinder.fi\/\" target=\"_blank\" rel=\"noreferrer noopener\">Go to company search<\/a><\/div>\n<\/div>\n\n\n\n<div class=\"dg-spacer  tiny\" style=\"height: 70px !important;\"><\/div>\n\n\n<\/div>\n\n\n<div class=\"dg-spacer \" style=\"\"><\/div>\n\n\n\n<div class=\"gb-container gb-container-1d82703a alignwide\">\n\n<h2 class=\"wp-block-heading has-text-align-center\">Profinder\u2019s better data helps with e.g.<\/h2>\n\n\n\n<div class=\"dg-spacer  d-none d-lg-block tiny\" style=\"\"><\/div>\n\n\n\n\n        <div id=\"dg-logos\">\n            \n            <div class=\"container\">\n\n                <div class=\"row\">\n\n                    \n                        \n                            <div class=\"col-4 col-sm-4 col-md-4\">\n\n                                <!-- Logo -->\n                                <div class=\"dg-logo\" data-dg-bgimage-src=\"https:\/\/profinder.fi\/wp-content\/uploads\/2023\/09\/logo-helen-300x113.png\">\n                                    \n                                    \t                                    <a href=\"https:\/\/www.helen.fi\/\" class=\"d-block w-100 h-100\" target=\"_blank\" rel=\"noopener\"><span class=\"sr-only\">Helen<\/span><\/a>\n                                                                    \n                                <\/div><!-- \/.dg-logo -->\n\n                            <\/div><!-- \/.col -->\n\n                        \n                    \n                        \n                            <div class=\"col-4 col-sm-4 col-md-4\">\n\n                                <!-- Logo -->\n                                <div class=\"dg-logo\" data-dg-bgimage-src=\"https:\/\/profinder.fi\/wp-content\/uploads\/2023\/09\/logo-elisa-300x113.png\">\n                                    \n                                    \t                                    <a href=\"https:\/\/elisa.fi\/\" class=\"d-block w-100 h-100\" target=\"_blank\" rel=\"noopener\"><span class=\"sr-only\">Elisa<\/span><\/a>\n                                                                    \n                                <\/div><!-- \/.dg-logo -->\n\n                            <\/div><!-- \/.col -->\n\n                        \n                    \n                        \n                            <div class=\"col-4 col-sm-4 col-md-4\">\n\n                                <!-- Logo -->\n                                <div class=\"dg-logo\" data-dg-bgimage-src=\"https:\/\/profinder.fi\/wp-content\/uploads\/2023\/09\/logo-yit-300x113.png\">\n                                    \n                                    \t                                    <a href=\"https:\/\/www.yit.fi\/\" class=\"d-block w-100 h-100\" target=\"_blank\" rel=\"noopener\"><span class=\"sr-only\">YIT<\/span><\/a>\n                                                                    \n                                <\/div><!-- \/.dg-logo -->\n\n                            <\/div><!-- \/.col -->\n\n                        \n                    \n                        \n                            <div class=\"col-4 col-sm-4 col-md-4\">\n\n                                <!-- Logo -->\n                                <div class=\"dg-logo\" data-dg-bgimage-src=\"https:\/\/profinder.fi\/wp-content\/uploads\/2023\/09\/logo-valokuitunen-300x113.png\">\n                                    \n                                    \t                                    <a href=\"https:\/\/valokuitunen.fi\/\" class=\"d-block w-100 h-100\" target=\"_blank\" rel=\"noopener\"><span class=\"sr-only\">Valokuitunen<\/span><\/a>\n                                                                    \n                                <\/div><!-- \/.dg-logo -->\n\n                            <\/div><!-- \/.col -->\n\n                        \n                    \n                        \n                            <div class=\"col-4 col-sm-4 col-md-4\">\n\n                                <!-- Logo -->\n                                <div class=\"dg-logo\" data-dg-bgimage-src=\"https:\/\/profinder.fi\/wp-content\/uploads\/2023\/09\/logo-yliopistomedia-300x113.png\">\n                                    \n                                    \t                                    <a href=\"https:\/\/www.yliopistomedia.fi\/\" class=\"d-block w-100 h-100\" target=\"_blank\" rel=\"noopener\"><span class=\"sr-only\">Yliopistomedia<\/span><\/a>\n                                                                    \n                                <\/div><!-- \/.dg-logo -->\n\n                            <\/div><!-- \/.col -->\n\n                        \n                    \n                        \n                            <div class=\"col-4 col-sm-4 col-md-4\">\n\n                                <!-- Logo -->\n                                <div class=\"dg-logo\" data-dg-bgimage-src=\"https:\/\/profinder.fi\/wp-content\/uploads\/2023\/09\/logo-syopasaatio-300x113.png\">\n                                    \n                                    \t                                    <a href=\"https:\/\/syopasaatio.fi\/\" class=\"d-block w-100 h-100\" target=\"_blank\" rel=\"noopener\"><span class=\"sr-only\">Sy\u00f6p\u00e4s\u00e4\u00e4ti\u00f6<\/span><\/a>\n                                                                    \n                                <\/div><!-- \/.dg-logo -->\n\n                            <\/div><!-- \/.col -->\n\n                        \n                    \n                <\/div><!-- \/.row -->   \n                \n            <\/div><!-- \/.container -->\n\n        <\/div>\n\n\n        \n        \n\n    \n\n    \n\n<\/div>\n\n\n<div class=\"dg-spacer \" style=\"\"><\/div>\n\n\n\n\n    <div class=\"dg-values-grid-items-wrapper alignwide\">\n\n        <div class=\"dg-values-grid-items\">\n\n            <div class=\"container\">\n        \n                <div class=\"row\">\n\n                                            \n                        <div class=\"col-12 col-md-6 col-xl-4 mb-5 mb-xl-4\">\n\n                            <div class=\"dg-values-grid-item\">\n\n                                <div class=\"dg-values-grid-item-contents match-height d-flex flex-column justify-content-   between\" data-mh=\"dg-values-grid-item-mh\">\n\n                                                                            \n                                                                                    \n                                        <div class=\"mb-2 dg-title-with-icon\" style=\"background-image: url('https:\/\/profinder.fi\/wp-content\/uploads\/2023\/08\/ion_chatbubble-ellipses-outline.svg')\">\n                                            <h2 class=\"h5 mb-2\">Call hit rates<\/h2>\n                                        <\/div><!-- \/.dg-title-with-icon -->\n                                    \n\n                                    \n                                        <div class=\"dg-value\">\n                                            <h3 class=\"display-3 mb-0\">+60%<\/h3>\n                                        <\/div><!-- \/.dg-value -->\n                                    \n                                                                    \n                                <\/div><!-- \/.dg-values-grid-item-contents -->\n\n                            <\/div><!-- \/.dg-values-grid-item -->\n\n                        <\/div>\n\n                                            \n                        <div class=\"col-12 col-md-6 col-xl-4 mb-5 mb-xl-4\">\n\n                            <div class=\"dg-values-grid-item\">\n\n                                <div class=\"dg-values-grid-item-contents match-height d-flex flex-column justify-content-   between\" data-mh=\"dg-values-grid-item-mh\">\n\n                                                                            \n                                                                                    \n                                        <div class=\"mb-2 dg-title-with-icon\" style=\"background-image: url('https:\/\/profinder.fi\/wp-content\/uploads\/2023\/08\/ion_timer-outline.svg')\">\n                                            <h2 class=\"h5 mb-2\">Time savings in prospecting<\/h2>\n                                        <\/div><!-- \/.dg-title-with-icon -->\n                                    \n\n                                    \n                                        <div class=\"dg-value\">\n                                            <h3 class=\"display-3 mb-0\">+70%<\/h3>\n                                        <\/div><!-- \/.dg-value -->\n                                    \n                                                                    \n                                <\/div><!-- \/.dg-values-grid-item-contents -->\n\n                            <\/div><!-- \/.dg-values-grid-item -->\n\n                        <\/div>\n\n                                            \n                        <div class=\"col-12 col-md-6 col-xl-4 mb-5 mb-xl-4\">\n\n                            <div class=\"dg-values-grid-item\">\n\n                                <div class=\"dg-values-grid-item-contents match-height d-flex flex-column justify-content-   between\" data-mh=\"dg-values-grid-item-mh\">\n\n                                                                            \n                                                                                    \n                                        <div class=\"mb-2 dg-title-with-icon\" style=\"background-image: url('https:\/\/profinder.fi\/wp-content\/uploads\/2023\/08\/ion_bar-chart-outline.svg')\">\n                                            <h2 class=\"h5 mb-2\">Sales growth<\/h2>\n                                        <\/div><!-- \/.dg-title-with-icon -->\n                                    \n\n                                    \n                                        <div class=\"dg-value\">\n                                            <h3 class=\"display-3 mb-0\">+27%<\/h3>\n                                        <\/div><!-- \/.dg-value -->\n                                    \n                                                                    \n                                <\/div><!-- \/.dg-values-grid-item-contents -->\n\n                            <\/div><!-- \/.dg-values-grid-item -->\n\n                        <\/div>\n\n                    \n                <\/div><!-- \/.row -->\n\n            <\/div><!-- \/.container -->\n\n        <\/div><!-- \/.dg-values-grid-items -->\n\n\n    <\/div><!-- \/.dg-values-grid-items-wrapper -->\n\n\n\n\n<div class=\"dg-spacer \" style=\"\"><\/div>\n\n\n\n<div class=\"alignwide\">\n    <div class=\"container\">\n        <!-- Testimonials -->\n\n<div class=\"dg-testimonials dg-radial section-Y-paddings\">\n\n  <div class=\"dg-slider\">\n    \n    \n      <div>\n          <div class=\"dg-testimonial-entry dg-card match-height\" data-mh=\"dg-testimonial-mh\">\n\n  \n  <div class=\"d-flex flex-column flex-md-row align-items-center dg-testimonial-header justify-content-between\">\n  \n        <div class=\"order-1 order-md-2 d-flex justify-content-center justify-content-md-end\">\n      <div class=\"dg-logo\"  style=\"background-image: url(data:image\/gif;base64,R0lGODlhAQABAIAAAAAAAP\/\/\/yH5BAEAAAAALAAAAAABAAEAAAIBRAA7)\" data-dg-bgimage-src=\"https:\/\/profinder.fi\/wp-content\/uploads\/2024\/11\/PHOTO-2024-11-25-11-07-15-\u2013-muokattu-300x115.png\" ><\/div>\n    <\/div>\n    \n      \n      <div class=\"order-2 order-md-1\">\n        <div class=\"dg-testimonial-image dg-contact-image\"  style=\"background-image: url(data:image\/gif;base64,R0lGODlhAQABAIAAAAAAAP\/\/\/yH5BAEAAAAALAAAAAABAAEAAAIBRAA7)\" data-dg-bgimage-src=\"https:\/\/profinder.fi\/wp-content\/uploads\/2024\/11\/Sami-Makinen-2728-b-225x300.jpg\" ><\/div>      <\/div>\n    \n    \n  <\/div><!-- \/.d-flex -->\n\n  <div class=\"dg-testimonial-texts\">\n\n          <div class=\"dg-testimonial-text\">Profinder integroituna HubSpottiin tekee myynnin hallinnasta v\u00e4hint\u00e4\u00e4nkin j\u00e4rkev\u00e4\u00e4. Ajantasainen data pit\u00e4\u00e4 inbound-liidien yll\u00e4pidon helppona, koska aikaa ei kulu manuaaliseen p\u00e4vitt\u00e4miseen. Lis\u00e4ksi outbound-myynnin tehostaminen hoituu n\u00e4pp\u00e4r\u00e4sti, kun p\u00e4\u00e4tt\u00e4j\u00e4tietoja voi hakea nimen tai numeron perusteella suoraan Profinderista.<\/div>\n    \n          <div class=\"dg-testimonial-alias\">Sami M\u00e4kinen<\/div>\n    \n          <div class=\"dg-testimonial-role\">Liiketoimintajohtaja<\/div>\n    \n  <\/div><!-- \/.dg-testimonial-texts -->\n\n<\/div><!-- \/.dg-testimonial-entry -->\n      <\/div>\n\n    \n      <div>\n          <div class=\"dg-testimonial-entry dg-card match-height\" data-mh=\"dg-testimonial-mh\">\n\n  \n  <div class=\"d-flex flex-column flex-md-row align-items-center dg-testimonial-header justify-content-between\">\n  \n        <div class=\"order-1 order-md-2 d-flex justify-content-center justify-content-md-end\">\n      <div class=\"dg-logo\"  style=\"background-image: url(data:image\/gif;base64,R0lGODlhAQABAIAAAAAAAP\/\/\/yH5BAEAAAAALAAAAAABAAEAAAIBRAA7)\" data-dg-bgimage-src=\"https:\/\/profinder.fi\/wp-content\/uploads\/2023\/08\/2560px-Fortum_logo.svg-300x71.png\" ><\/div>\n    <\/div>\n    \n      \n      <div class=\"order-2 order-md-1\">\n        <div class=\"dg-testimonial-image dg-contact-image\"  style=\"background-image: url(data:image\/gif;base64,R0lGODlhAQABAIAAAAAAAP\/\/\/yH5BAEAAAAALAAAAAABAAEAAAIBRAA7)\" data-dg-bgimage-src=\"https:\/\/profinder.fi\/wp-content\/uploads\/2023\/09\/fortum-jarvinen-300x300.jpg\" ><\/div>      <\/div>\n    \n    \n  <\/div><!-- \/.d-flex -->\n\n  <div class=\"dg-testimonial-texts\">\n\n          <div class=\"dg-testimonial-text\">When choosing a partner in cooperation, it\u2019s worth paying attention to tools, diverse targeting opportunities, and the marketability and responsibility of data. Along with responsibility, Profinder invests in a diverse range of targeting methods and in customer data accuracy, which are necessary in Fortum\u2019s sales.<\/div>\n    \n          <div class=\"dg-testimonial-alias\">Eetu J\u00e4rvinen<\/div>\n    \n          <div class=\"dg-testimonial-role\">Finland Sales Manager, Consumer Solutions<\/div>\n    \n  <\/div><!-- \/.dg-testimonial-texts -->\n\n<\/div><!-- \/.dg-testimonial-entry -->\n      <\/div>\n\n    \n      <div>\n          <div class=\"dg-testimonial-entry dg-card match-height\" data-mh=\"dg-testimonial-mh\">\n\n  \n  <div class=\"d-flex flex-column flex-md-row align-items-center dg-testimonial-header justify-content-between\">\n  \n        <div class=\"order-1 order-md-2 d-flex justify-content-center justify-content-md-end\">\n      <div class=\"dg-logo\"  style=\"background-image: url(data:image\/gif;base64,R0lGODlhAQABAIAAAAAAAP\/\/\/yH5BAEAAAAALAAAAAABAAEAAAIBRAA7)\" data-dg-bgimage-src=\"https:\/\/profinder.fi\/wp-content\/uploads\/2023\/09\/logo-colliers-300x113.png\" ><\/div>\n    <\/div>\n    \n      \n      <div class=\"order-2 order-md-1\">\n        <div class=\"dg-testimonial-image dg-contact-image\"  style=\"background-image: url(data:image\/gif;base64,R0lGODlhAQABAIAAAAAAAP\/\/\/yH5BAEAAAAALAAAAAABAAEAAAIBRAA7)\" data-dg-bgimage-src=\"https:\/\/profinder.fi\/wp-content\/uploads\/2023\/08\/Colliers-Jussi-Jarvinen-300x300.jpg\" ><\/div>      <\/div>\n    \n    \n  <\/div><!-- \/.d-flex -->\n\n  <div class=\"dg-testimonial-texts\">\n\n          <div class=\"dg-testimonial-text\">Profinder\u2019s target group service can help you find new prospects while decision-making data\r\nenriches the company\u2019s own customer database. When a B2B target group service is integrated directly into \r\nCRM, it is simple and easy to use. I recommend Profinder\u2019s B2B target group service to other companies carrying out\r\nB2B sales.<\/div>\n    \n          <div class=\"dg-testimonial-alias\">Jussi J\u00e4rvinen<\/div>\n    \n          <div class=\"dg-testimonial-role\">Head of Leasing, Commercial Properties<\/div>\n    \n  <\/div><!-- \/.dg-testimonial-texts -->\n\n<\/div><!-- \/.dg-testimonial-entry -->\n      <\/div>\n\n    \n  <\/div><!-- \/.dg-testimonial-slider -->\n\n<\/div><!-- \/.dg-testimonials -->\n\n<script>\n  jQuery(document).ready(function() {\n    jQuery('.dg-slider').slick({\n      \/*\n      dots: true,\n      infinite: true,\n      speed: 300,\n      slidesToShow: 3,\n      adaptiveHeight: true,\n      autoplay: true,\n      autoplaySpeed: 5000,\n      arrows: false,\n      fade: true,\n      cssEase: 'linear',\n      *\/\n    dots: true,\n    infinite: false,\n    speed: 300,\n    slidesToShow: 3,\n    slidesToScroll: 3,\n      responsive: [\n    {\n      breakpoint: 1024,\n      settings: {\n        slidesToShow: 2,\n        slidesToScroll: 2,\n        infinite: true,\n        dots: true\n      }\n    },\n    {\n      breakpoint: 600,\n      settings: {\n        slidesToShow: 1,\n        slidesToScroll: 1\n      }\n    },\n    {\n      breakpoint: 480,\n      settings: {\n        slidesToShow: 1,\n        slidesToScroll: 1\n      }\n    }]\n    });\n  });\n<\/script>\n\n    <\/div>\n<\/div>\n\n\n<div class=\"gb-container gb-container-402dfb85 alignfull\">\n\n<div style=\"height:100px\" aria-hidden=\"true\" class=\"wp-block-spacer\"><\/div>\n\n\n\n<div class=\"wp-block-columns alignwide are-vertically-aligned-center  is-mobile-reversed is-layout-flex wp-container-core-columns-is-layout-9d6595d7 wp-block-columns-is-layout-flex\">\n<div class=\"wp-block-column is-vertically-aligned-center is-layout-flow wp-block-column-is-layout-flow\">\n<h2 class=\"wp-block-heading\">Integrations with CRM systems<\/h2>\n\n\n\n<p class=\"is-style-lead\">Up-to-date CRM data is at the core of every company\u2019s business, as it is required for sales, marketing, and financial management. This can be taken care of easily and automatically using our integrations.<\/p>\n<\/div>\n\n\n\n<div class=\"wp-block-column is-vertically-aligned-center is-layout-flow wp-block-column-is-layout-flow\">\n<figure class=\"wp-block-image size-full\"><img loading=\"lazy\" decoding=\"async\" width=\"627\" height=\"627\" src=\"https:\/\/profinder.fi\/wp-content\/uploads\/2023\/09\/PROFINDER_intergraatiot_crmjarjestelmiin_uusikuva.png\" alt=\"B2B-kohderyhm\u00e4palveluiden ja CRM-integraation asiantuntijat | Salesforce, Dynamics, Hubspot, Pipedrive Integraatiot | Paranna Myynti\u00e4 ja Markkinointia |\" class=\"wp-image-7720\" style=\"object-fit:cover\" srcset=\"https:\/\/profinder.fi\/wp-content\/uploads\/2023\/09\/PROFINDER_intergraatiot_crmjarjestelmiin_uusikuva.png 627w, https:\/\/profinder.fi\/wp-content\/uploads\/2023\/09\/PROFINDER_intergraatiot_crmjarjestelmiin_uusikuva-300x300.png 300w, https:\/\/profinder.fi\/wp-content\/uploads\/2023\/09\/PROFINDER_intergraatiot_crmjarjestelmiin_uusikuva-150x150.png 150w, https:\/\/profinder.fi\/wp-content\/uploads\/2023\/09\/PROFINDER_intergraatiot_crmjarjestelmiin_uusikuva-480x480.png 480w\" sizes=\"auto, (max-width: 627px) 100vw, 627px\" \/><\/figure>\n<\/div>\n<\/div>\n\n\n\n<div style=\"height:50px\" aria-hidden=\"true\" class=\"wp-block-spacer\"><\/div>\n\n<\/div>","protected":false},"excerpt":{"rendered":"<p>Find the best leads Integrations with CRM systems Up-to-date CRM data is at the core of every company\u2019s business, as it is required&#8230;<\/p>\n","protected":false},"author":2,"featured_media":0,"parent":0,"menu_order":0,"comment_status":"closed","ping_status":"closed","template":"","meta":{"footnotes":""},"class_list":["post-7741","page","type-page","status-publish","hentry"],"meta_box":{"digitaali_top_hero_hide":"1","digitaali_top_hero_text_hide":"0","digitaali_top_overlay_caption":"","digitaali_top_overlay_content":"","digitaali_top_overlay_additional_content":"","dg_remove_main_content_top_padding":"0","dg_remove_main_content_bottom_padding":"0","dg_remove_breadcrumbs":"0"},"_links":{"self":[{"href":"https:\/\/profinder.fi\/en\/wp-json\/wp\/v2\/pages\/7741","targetHints":{"allow":["GET"]}}],"collection":[{"href":"https:\/\/profinder.fi\/en\/wp-json\/wp\/v2\/pages"}],"about":[{"href":"https:\/\/profinder.fi\/en\/wp-json\/wp\/v2\/types\/page"}],"author":[{"embeddable":true,"href":"https:\/\/profinder.fi\/en\/wp-json\/wp\/v2\/users\/2"}],"replies":[{"embeddable":true,"href":"https:\/\/profinder.fi\/en\/wp-json\/wp\/v2\/comments?post=7741"}],"version-history":[{"count":24,"href":"https:\/\/profinder.fi\/en\/wp-json\/wp\/v2\/pages\/7741\/revisions"}],"predecessor-version":[{"id":10229,"href":"https:\/\/profinder.fi\/en\/wp-json\/wp\/v2\/pages\/7741\/revisions\/10229"}],"wp:attachment":[{"href":"https:\/\/profinder.fi\/en\/wp-json\/wp\/v2\/media?parent=7741"}],"curies":[{"name":"wp","href":"https:\/\/api.w.org\/{rel}","templated":true}]}}